{"id":3250,"date":"2024-04-30T15:17:12","date_gmt":"2024-04-30T15:17:12","guid":{"rendered":"https:\/\/mediabound.com.uy\/?page_id=3250"},"modified":"2024-05-09T19:40:04","modified_gmt":"2024-05-09T19:40:04","slug":"influencers","status":"publish","type":"page","link":"https:\/\/mediabound.com.uy\/es\/influencers\/","title":{"rendered":"Influencers"},"content":{"rendered":"<div data-elementor-type=\"wp-page\" data-elementor-id=\"3250\" class=\"elementor elementor-3250\" data-elementor-post-type=\"page\">\n\t\t\t\t\t\t<section class=\"elementor-section elementor-top-section elementor-element elementor-element-b3365b5 elementor-section-boxed elementor-section-height-default elementor-section-height-default\" data-id=\"b3365b5\" data-element_type=\"section\" data-e-type=\"section\">\n\t\t\t\t\t\t<div class=\"elementor-container elementor-column-gap-default\">\n\t\t\t\t\t<div class=\"elementor-column elementor-col-100 elementor-top-column elementor-element elementor-element-1909675\" data-id=\"1909675\" data-element_type=\"column\" data-e-type=\"column\">\n\t\t\t<div class=\"elementor-widget-wrap elementor-element-populated\">\n\t\t\t\t\t\t<div class=\"elementor-element elementor-element-77d3f5b elementor-invisible elementor-widget elementor-widget-heading\" data-id=\"77d3f5b\" data-element_type=\"widget\" data-e-type=\"widget\" data-settings=\"{&quot;_animation&quot;:&quot;bounceIn&quot;}\" data-widget_type=\"heading.default\">\n\t\t\t\t<div class=\"elementor-widget-container\">\n\t\t\t\t\t<h2 class=\"elementor-heading-title elementor-size-default\">Influencer Collabs<\/h2>\t\t\t\t<\/div>\n\t\t\t\t<\/div>\n\t\t\t\t<div class=\"elementor-element elementor-element-bf7a5ba elementor-widget elementor-widget-text-editor\" data-id=\"bf7a5ba\" data-element_type=\"widget\" data-e-type=\"widget\" data-widget_type=\"text-editor.default\">\n\t\t\t\t<div class=\"elementor-widget-container\">\n\t\t\t\t\t\t\t\t\t<p>Potenciamos tu marca conect\u00e1ndola con los influencers adecuados. Creamos colaboraciones aut\u00e9nticas que impulsan la participaci\u00f3n y las conversiones, manteni\u00e9ndonos fieles a los valores de tu marca.<br><\/p>\t\t\t\t\t\t\t\t<\/div>\n\t\t\t\t<\/div>\n\t\t\t\t\t<\/div>\n\t\t<\/div>\n\t\t\t\t\t<\/div>\n\t\t<\/section>\n\t\t\t\t<section class=\"elementor-section elementor-inner-section elementor-element elementor-element-963c4b8 elementor-section-content-middle elementor-section-boxed elementor-section-height-default elementor-section-height-default\" data-id=\"963c4b8\" data-element_type=\"section\" data-e-type=\"section\">\n\t\t\t\t\t\t<div class=\"elementor-container elementor-column-gap-no\">\n\t\t\t\t\t<div class=\"elementor-column elementor-col-33 elementor-inner-column elementor-element elementor-element-80b009f\" data-id=\"80b009f\" data-element_type=\"column\" data-e-type=\"column\">\n\t\t\t<div class=\"elementor-widget-wrap elementor-element-populated\">\n\t\t\t\t\t\t<div class=\"elementor-element elementor-element-dd76279 e-transform elementor-widget elementor-widget-heading\" data-id=\"dd76279\" data-element_type=\"widget\" data-e-type=\"widget\" data-settings=\"{&quot;_transform_scale_effect_hover&quot;:{&quot;unit&quot;:&quot;px&quot;,&quot;size&quot;:1.0500000000000000444089209850062616169452667236328125,&quot;sizes&quot;:[]},&quot;_transform_scale_effect_hover_tablet&quot;:{&quot;unit&quot;:&quot;px&quot;,&quot;size&quot;:&quot;&quot;,&quot;sizes&quot;:[]},&quot;_transform_scale_effect_hover_mobile&quot;:{&quot;unit&quot;:&quot;px&quot;,&quot;size&quot;:&quot;&quot;,&quot;sizes&quot;:[]}}\" data-widget_type=\"heading.default\">\n\t\t\t\t<div class=\"elementor-widget-container\">\n\t\t\t\t\t<h2 class=\"elementor-heading-title elementor-size-default\"><a href=\"https:\/\/www.instagram.com\/reel\/CvIIZ4MgEy8\/\">Pin Traveler<\/a><\/h2>\t\t\t\t<\/div>\n\t\t\t\t<\/div>\n\t\t\t\t<div class=\"elementor-element elementor-element-7925d04 elementor-widget elementor-widget-image\" data-id=\"7925d04\" data-element_type=\"widget\" data-e-type=\"widget\" data-widget_type=\"image.default\">\n\t\t\t\t<div class=\"elementor-widget-container\">\n\t\t\t\t\t\t\t\t\t\t\t\t\t\t\t\t<a href=\"https:\/\/www.instagram.com\/reel\/CvIIZ4MgEy8\/\">\n\t\t\t\t\t\t\t<img fetchpriority=\"high\" decoding=\"async\" width=\"768\" height=\"1365\" src=\"https:\/\/mediabound.com.uy\/wp-content\/uploads\/2024\/05\/Did-it-happen-if-you-didnt-Pin-It-v4a_9x16-768x1365.png\" class=\"attachment-medium_large size-medium_large wp-image-3590\" alt=\"\" srcset=\"https:\/\/mediabound.com.uy\/wp-content\/uploads\/2024\/05\/Did-it-happen-if-you-didnt-Pin-It-v4a_9x16-768x1365.png 768w, https:\/\/mediabound.com.uy\/wp-content\/uploads\/2024\/05\/Did-it-happen-if-you-didnt-Pin-It-v4a_9x16-169x300.png 169w, https:\/\/mediabound.com.uy\/wp-content\/uploads\/2024\/05\/Did-it-happen-if-you-didnt-Pin-It-v4a_9x16-576x1024.png 576w, https:\/\/mediabound.com.uy\/wp-content\/uploads\/2024\/05\/Did-it-happen-if-you-didnt-Pin-It-v4a_9x16-864x1536.png 864w, https:\/\/mediabound.com.uy\/wp-content\/uploads\/2024\/05\/Did-it-happen-if-you-didnt-Pin-It-v4a_9x16-7x12.png 7w, https:\/\/mediabound.com.uy\/wp-content\/uploads\/2024\/05\/Did-it-happen-if-you-didnt-Pin-It-v4a_9x16.png 1080w\" sizes=\"(max-width: 768px) 100vw, 768px\" \/>\t\t\t\t\t\t\t\t<\/a>\n\t\t\t\t\t\t\t\t\t\t\t\t\t\t\t<\/div>\n\t\t\t\t<\/div>\n\t\t\t\t<div class=\"elementor-element elementor-element-58b65bf elementor-widget elementor-widget-text-editor\" data-id=\"58b65bf\" data-element_type=\"widget\" data-e-type=\"widget\" data-widget_type=\"text-editor.default\">\n\t\t\t\t<div class=\"elementor-widget-container\">\n\t\t\t\t\t\t\t\t\t<p>Pin Traveler x Kelsey Heinrichs.<\/p>\t\t\t\t\t\t\t\t<\/div>\n\t\t\t\t<\/div>\n\t\t\t\t<div class=\"elementor-element elementor-element-a588e50 elementor-align-center e-transform elementor-widget elementor-widget-button\" data-id=\"a588e50\" data-element_type=\"widget\" data-e-type=\"widget\" data-settings=\"{&quot;_transform_scale_effect_hover&quot;:{&quot;unit&quot;:&quot;px&quot;,&quot;size&quot;:1.0500000000000000444089209850062616169452667236328125,&quot;sizes&quot;:[]},&quot;_transform_scale_effect_hover_tablet&quot;:{&quot;unit&quot;:&quot;px&quot;,&quot;size&quot;:&quot;&quot;,&quot;sizes&quot;:[]},&quot;_transform_scale_effect_hover_mobile&quot;:{&quot;unit&quot;:&quot;px&quot;,&quot;size&quot;:&quot;&quot;,&quot;sizes&quot;:[]}}\" data-widget_type=\"button.default\">\n\t\t\t\t<div class=\"elementor-widget-container\">\n\t\t\t\t\t\t\t\t\t<div class=\"elementor-button-wrapper\">\n\t\t\t\t\t<a class=\"elementor-button elementor-button-link elementor-size-sm\" href=\"https:\/\/www.instagram.com\/reel\/CvIIZ4MgEy8\/\">\n\t\t\t\t\t\t<span class=\"elementor-button-content-wrapper\">\n\t\t\t\t\t\t\t\t\t<span class=\"elementor-button-text\">See More<\/span>\n\t\t\t\t\t<\/span>\n\t\t\t\t\t<\/a>\n\t\t\t\t<\/div>\n\t\t\t\t\t\t\t\t<\/div>\n\t\t\t\t<\/div>\n\t\t\t\t\t<\/div>\n\t\t<\/div>\n\t\t\t\t<div class=\"elementor-column elementor-col-33 elementor-inner-column elementor-element elementor-element-4a7d8d6\" data-id=\"4a7d8d6\" data-element_type=\"column\" data-e-type=\"column\">\n\t\t\t<div class=\"elementor-widget-wrap elementor-element-populated\">\n\t\t\t\t\t\t<div class=\"elementor-element elementor-element-8d04fec e-transform elementor-widget elementor-widget-heading\" data-id=\"8d04fec\" data-element_type=\"widget\" data-e-type=\"widget\" data-settings=\"{&quot;_transform_scale_effect_hover&quot;:{&quot;unit&quot;:&quot;px&quot;,&quot;size&quot;:1.0500000000000000444089209850062616169452667236328125,&quot;sizes&quot;:[]},&quot;_transform_scale_effect_hover_tablet&quot;:{&quot;unit&quot;:&quot;px&quot;,&quot;size&quot;:&quot;&quot;,&quot;sizes&quot;:[]},&quot;_transform_scale_effect_hover_mobile&quot;:{&quot;unit&quot;:&quot;px&quot;,&quot;size&quot;:&quot;&quot;,&quot;sizes&quot;:[]}}\" data-widget_type=\"heading.default\">\n\t\t\t\t<div class=\"elementor-widget-container\">\n\t\t\t\t\t<h2 class=\"elementor-heading-title elementor-size-default\"><a href=\"https:\/\/www.instagram.com\/reel\/CyPB9OKuLxH\/\">First Light Farms<\/a><\/h2>\t\t\t\t<\/div>\n\t\t\t\t<\/div>\n\t\t\t\t<div class=\"elementor-element elementor-element-95e3eea elementor-widget elementor-widget-image\" data-id=\"95e3eea\" data-element_type=\"widget\" data-e-type=\"widget\" data-widget_type=\"image.default\">\n\t\t\t\t<div class=\"elementor-widget-container\">\n\t\t\t\t\t\t\t\t\t\t\t\t\t\t\t\t<a href=\"https:\/\/www.instagram.com\/reel\/CyPB9OKuLxH\/\">\n\t\t\t\t\t\t\t<img decoding=\"async\" width=\"768\" height=\"1365\" src=\"https:\/\/mediabound.com.uy\/wp-content\/uploads\/2024\/05\/Screenshot-2024-05-09-at-4.23.20\u202fPM-768x1365.png\" class=\"attachment-medium_large size-medium_large wp-image-3596\" alt=\"\" srcset=\"https:\/\/mediabound.com.uy\/wp-content\/uploads\/2024\/05\/Screenshot-2024-05-09-at-4.23.20\u202fPM-768x1365.png 768w, https:\/\/mediabound.com.uy\/wp-content\/uploads\/2024\/05\/Screenshot-2024-05-09-at-4.23.20\u202fPM-169x300.png 169w, https:\/\/mediabound.com.uy\/wp-content\/uploads\/2024\/05\/Screenshot-2024-05-09-at-4.23.20\u202fPM-576x1024.png 576w, https:\/\/mediabound.com.uy\/wp-content\/uploads\/2024\/05\/Screenshot-2024-05-09-at-4.23.20\u202fPM-865x1536.png 865w, https:\/\/mediabound.com.uy\/wp-content\/uploads\/2024\/05\/Screenshot-2024-05-09-at-4.23.20\u202fPM-7x12.png 7w, https:\/\/mediabound.com.uy\/wp-content\/uploads\/2024\/05\/Screenshot-2024-05-09-at-4.23.20\u202fPM.png 1066w\" sizes=\"(max-width: 768px) 100vw, 768px\" \/>\t\t\t\t\t\t\t\t<\/a>\n\t\t\t\t\t\t\t\t\t\t\t\t\t\t\t<\/div>\n\t\t\t\t<\/div>\n\t\t\t\t<div class=\"elementor-element elementor-element-c0d2b3b elementor-widget elementor-widget-text-editor\" data-id=\"c0d2b3b\" data-element_type=\"widget\" data-e-type=\"widget\" data-widget_type=\"text-editor.default\">\n\t\t\t\t<div class=\"elementor-widget-container\">\n\t\t\t\t\t\t\t\t\t<p>First Light Farms x RibeyeRach.<\/p>\t\t\t\t\t\t\t\t<\/div>\n\t\t\t\t<\/div>\n\t\t\t\t<div class=\"elementor-element elementor-element-810c1fa elementor-align-center e-transform elementor-widget elementor-widget-button\" data-id=\"810c1fa\" data-element_type=\"widget\" data-e-type=\"widget\" data-settings=\"{&quot;_transform_scale_effect_hover&quot;:{&quot;unit&quot;:&quot;px&quot;,&quot;size&quot;:1.0500000000000000444089209850062616169452667236328125,&quot;sizes&quot;:[]},&quot;_transform_scale_effect_hover_tablet&quot;:{&quot;unit&quot;:&quot;px&quot;,&quot;size&quot;:&quot;&quot;,&quot;sizes&quot;:[]},&quot;_transform_scale_effect_hover_mobile&quot;:{&quot;unit&quot;:&quot;px&quot;,&quot;size&quot;:&quot;&quot;,&quot;sizes&quot;:[]}}\" data-widget_type=\"button.default\">\n\t\t\t\t<div class=\"elementor-widget-container\">\n\t\t\t\t\t\t\t\t\t<div class=\"elementor-button-wrapper\">\n\t\t\t\t\t<a class=\"elementor-button elementor-button-link elementor-size-sm\" href=\"https:\/\/www.instagram.com\/reel\/CyPB9OKuLxH\/\">\n\t\t\t\t\t\t<span class=\"elementor-button-content-wrapper\">\n\t\t\t\t\t\t\t\t\t<span class=\"elementor-button-text\">See More<\/span>\n\t\t\t\t\t<\/span>\n\t\t\t\t\t<\/a>\n\t\t\t\t<\/div>\n\t\t\t\t\t\t\t\t<\/div>\n\t\t\t\t<\/div>\n\t\t\t\t\t<\/div>\n\t\t<\/div>\n\t\t\t\t<div class=\"elementor-column elementor-col-33 elementor-inner-column elementor-element elementor-element-fbbf7d7\" data-id=\"fbbf7d7\" data-element_type=\"column\" data-e-type=\"column\">\n\t\t\t<div class=\"elementor-widget-wrap elementor-element-populated\">\n\t\t\t\t\t\t<div class=\"elementor-element elementor-element-d41bc75 e-transform elementor-widget elementor-widget-heading\" data-id=\"d41bc75\" data-element_type=\"widget\" data-e-type=\"widget\" data-settings=\"{&quot;_transform_scale_effect_hover&quot;:{&quot;unit&quot;:&quot;px&quot;,&quot;size&quot;:1.0500000000000000444089209850062616169452667236328125,&quot;sizes&quot;:[]},&quot;_transform_scale_effect_hover_tablet&quot;:{&quot;unit&quot;:&quot;px&quot;,&quot;size&quot;:&quot;&quot;,&quot;sizes&quot;:[]},&quot;_transform_scale_effect_hover_mobile&quot;:{&quot;unit&quot;:&quot;px&quot;,&quot;size&quot;:&quot;&quot;,&quot;sizes&quot;:[]}}\" data-widget_type=\"heading.default\">\n\t\t\t\t<div class=\"elementor-widget-container\">\n\t\t\t\t\t<h2 class=\"elementor-heading-title elementor-size-default\"><a href=\"https:\/\/www.instagram.com\/p\/C41kdcMAGCj\/\">Olivares de Casup\u00e1<\/a><\/h2>\t\t\t\t<\/div>\n\t\t\t\t<\/div>\n\t\t\t\t<div class=\"elementor-element elementor-element-c7f7cfd elementor-widget elementor-widget-image\" data-id=\"c7f7cfd\" data-element_type=\"widget\" data-e-type=\"widget\" data-widget_type=\"image.default\">\n\t\t\t\t<div class=\"elementor-widget-container\">\n\t\t\t\t\t\t\t\t\t\t\t\t\t\t\t\t<a href=\"https:\/\/www.instagram.com\/p\/C41kdcMAGCj\/\">\n\t\t\t\t\t\t\t<img decoding=\"async\" width=\"768\" height=\"1365\" src=\"https:\/\/mediabound.com.uy\/wp-content\/uploads\/2024\/05\/Olivares-Stories-1-768x1365.png\" class=\"attachment-medium_large size-medium_large wp-image-3601\" alt=\"\" srcset=\"https:\/\/mediabound.com.uy\/wp-content\/uploads\/2024\/05\/Olivares-Stories-1-768x1365.png 768w, https:\/\/mediabound.com.uy\/wp-content\/uploads\/2024\/05\/Olivares-Stories-1-169x300.png 169w, https:\/\/mediabound.com.uy\/wp-content\/uploads\/2024\/05\/Olivares-Stories-1-576x1024.png 576w, https:\/\/mediabound.com.uy\/wp-content\/uploads\/2024\/05\/Olivares-Stories-1-864x1536.png 864w, https:\/\/mediabound.com.uy\/wp-content\/uploads\/2024\/05\/Olivares-Stories-1-7x12.png 7w, https:\/\/mediabound.com.uy\/wp-content\/uploads\/2024\/05\/Olivares-Stories-1.png 1080w\" sizes=\"(max-width: 768px) 100vw, 768px\" \/>\t\t\t\t\t\t\t\t<\/a>\n\t\t\t\t\t\t\t\t\t\t\t\t\t\t\t<\/div>\n\t\t\t\t<\/div>\n\t\t\t\t<div class=\"elementor-element elementor-element-76d150c elementor-widget elementor-widget-text-editor\" data-id=\"76d150c\" data-element_type=\"widget\" data-e-type=\"widget\" data-widget_type=\"text-editor.default\">\n\t\t\t\t<div class=\"elementor-widget-container\">\n\t\t\t\t\t\t\t\t\t<p>Olivares de Casup\u00e1 X Hugo Soca.<\/p>\t\t\t\t\t\t\t\t<\/div>\n\t\t\t\t<\/div>\n\t\t\t\t<div class=\"elementor-element elementor-element-39f1bb1 elementor-align-center e-transform elementor-widget elementor-widget-button\" data-id=\"39f1bb1\" data-element_type=\"widget\" data-e-type=\"widget\" data-settings=\"{&quot;_transform_scale_effect_hover&quot;:{&quot;unit&quot;:&quot;px&quot;,&quot;size&quot;:1.0500000000000000444089209850062616169452667236328125,&quot;sizes&quot;:[]},&quot;_transform_scale_effect_hover_tablet&quot;:{&quot;unit&quot;:&quot;px&quot;,&quot;size&quot;:&quot;&quot;,&quot;sizes&quot;:[]},&quot;_transform_scale_effect_hover_mobile&quot;:{&quot;unit&quot;:&quot;px&quot;,&quot;size&quot;:&quot;&quot;,&quot;sizes&quot;:[]}}\" data-widget_type=\"button.default\">\n\t\t\t\t<div class=\"elementor-widget-container\">\n\t\t\t\t\t\t\t\t\t<div class=\"elementor-button-wrapper\">\n\t\t\t\t\t<a class=\"elementor-button elementor-button-link elementor-size-sm\" href=\"https:\/\/www.instagram.com\/p\/C41kdcMAGCj\/\">\n\t\t\t\t\t\t<span class=\"elementor-button-content-wrapper\">\n\t\t\t\t\t\t\t\t\t<span class=\"elementor-button-text\">See More<\/span>\n\t\t\t\t\t<\/span>\n\t\t\t\t\t<\/a>\n\t\t\t\t<\/div>\n\t\t\t\t\t\t\t\t<\/div>\n\t\t\t\t<\/div>\n\t\t\t\t\t<\/div>\n\t\t<\/div>\n\t\t\t\t\t<\/div>\n\t\t<\/section>\n\t\t\t\t<\/div>","protected":false},"excerpt":{"rendered":"<p>Influencer Collabs We amplify your brand by connecting with the right influencers. We create authentic collaborations that drive engagement and conversions while staying true to your brand values. Pin Traveler Pin Traveler x Kelsey Heinrichs. See More First Light Farms First Light Farms x RibeyeRach. See More Olivares de Casup\u00e1 Olivares de Casup\u00e1 X Hugo [&hellip;]<\/p>\n","protected":false},"author":1,"featured_media":0,"parent":0,"menu_order":0,"comment_status":"closed","ping_status":"closed","template":"","meta":{"footnotes":""},"class_list":["post-3250","page","type-page","status-publish","hentry"],"_links":{"self":[{"href":"https:\/\/mediabound.com.uy\/es\/wp-json\/wp\/v2\/pages\/3250","targetHints":{"allow":["GET"]}}],"collection":[{"href":"https:\/\/mediabound.com.uy\/es\/wp-json\/wp\/v2\/pages"}],"about":[{"href":"https:\/\/mediabound.com.uy\/es\/wp-json\/wp\/v2\/types\/page"}],"author":[{"embeddable":true,"href":"https:\/\/mediabound.com.uy\/es\/wp-json\/wp\/v2\/users\/1"}],"replies":[{"embeddable":true,"href":"https:\/\/mediabound.com.uy\/es\/wp-json\/wp\/v2\/comments?post=3250"}],"version-history":[{"count":22,"href":"https:\/\/mediabound.com.uy\/es\/wp-json\/wp\/v2\/pages\/3250\/revisions"}],"predecessor-version":[{"id":3607,"href":"https:\/\/mediabound.com.uy\/es\/wp-json\/wp\/v2\/pages\/3250\/revisions\/3607"}],"wp:attachment":[{"href":"https:\/\/mediabound.com.uy\/es\/wp-json\/wp\/v2\/media?parent=3250"}],"curies":[{"name":"wp","href":"https:\/\/api.w.org\/{rel}","templated":true}]}}