{"id":3258,"date":"2024-04-30T15:19:40","date_gmt":"2024-04-30T15:19:40","guid":{"rendered":"https:\/\/mediabound.com.uy\/?page_id=3258"},"modified":"2024-05-02T13:49:16","modified_gmt":"2024-05-02T13:49:16","slug":"email-marketing","status":"publish","type":"page","link":"https:\/\/mediabound.com.uy\/es\/email-marketing\/","title":{"rendered":"Email Marketing"},"content":{"rendered":"<div data-elementor-type=\"wp-page\" data-elementor-id=\"3258\" class=\"elementor elementor-3258\" data-elementor-post-type=\"page\">\n\t\t\t\t\t\t<section class=\"elementor-section elementor-top-section elementor-element elementor-element-2510718 elementor-section-boxed elementor-section-height-default elementor-section-height-default\" data-id=\"2510718\" data-element_type=\"section\" data-e-type=\"section\">\n\t\t\t\t\t\t<div class=\"elementor-container elementor-column-gap-default\">\n\t\t\t\t\t<div class=\"elementor-column elementor-col-100 elementor-top-column elementor-element elementor-element-ef7a2ba\" data-id=\"ef7a2ba\" data-element_type=\"column\" data-e-type=\"column\">\n\t\t\t<div class=\"elementor-widget-wrap elementor-element-populated\">\n\t\t\t\t\t\t<div class=\"elementor-element elementor-element-1be67ba elementor-invisible elementor-widget elementor-widget-heading\" data-id=\"1be67ba\" data-element_type=\"widget\" data-e-type=\"widget\" data-settings=\"{&quot;_animation&quot;:&quot;bounceIn&quot;}\" data-widget_type=\"heading.default\">\n\t\t\t\t<div class=\"elementor-widget-container\">\n\t\t\t\t\t<h2 class=\"elementor-heading-title elementor-size-default\">Email Marketing<\/h2>\t\t\t\t<\/div>\n\t\t\t\t<\/div>\n\t\t\t\t<div class=\"elementor-element elementor-element-ff3bac1 elementor-widget elementor-widget-text-editor\" data-id=\"ff3bac1\" data-element_type=\"widget\" data-e-type=\"widget\" data-widget_type=\"text-editor.default\">\n\t\t\t\t<div class=\"elementor-widget-container\">\n\t\t\t\t\t\t\t\t\t<p>Creamos estrategias personalizadas de marketing por correo electr\u00f3nico con dise\u00f1os llamativos y contenido valioso, gestionando la segmentaci\u00f3n, la automatizaci\u00f3n y el an\u00e1lisis de resultados para campa\u00f1as poderosas y efectivas.<br><\/p>\t\t\t\t\t\t\t\t<\/div>\n\t\t\t\t<\/div>\n\t\t\t\t\t<\/div>\n\t\t<\/div>\n\t\t\t\t\t<\/div>\n\t\t<\/section>\n\t\t\t\t<section class=\"elementor-section elementor-top-section elementor-element elementor-element-da48f29 elementor-section-content-middle elementor-section-boxed elementor-section-height-default elementor-section-height-default\" data-id=\"da48f29\" data-element_type=\"section\" data-e-type=\"section\">\n\t\t\t\t\t\t<div class=\"elementor-container elementor-column-gap-no\">\n\t\t\t\t\t<div class=\"elementor-column elementor-col-100 elementor-top-column elementor-element elementor-element-8fca29a\" data-id=\"8fca29a\" data-element_type=\"column\" data-e-type=\"column\">\n\t\t\t<div class=\"elementor-widget-wrap elementor-element-populated\">\n\t\t\t\t\t\t<section class=\"elementor-section elementor-inner-section elementor-element elementor-element-f503b1e elementor-section-boxed elementor-section-height-default elementor-section-height-default\" data-id=\"f503b1e\" data-element_type=\"section\" data-e-type=\"section\">\n\t\t\t\t\t\t<div class=\"elementor-container elementor-column-gap-no\">\n\t\t\t\t\t<div class=\"elementor-column elementor-col-33 elementor-inner-column elementor-element elementor-element-a750f9b\" data-id=\"a750f9b\" data-element_type=\"column\" data-e-type=\"column\">\n\t\t\t<div class=\"elementor-widget-wrap elementor-element-populated\">\n\t\t\t\t\t\t<div class=\"elementor-element elementor-element-fe1cc75 elementor-position-top elementor-widget elementor-widget-image-box\" data-id=\"fe1cc75\" data-element_type=\"widget\" data-e-type=\"widget\" data-widget_type=\"image-box.default\">\n\t\t\t\t<div class=\"elementor-widget-container\">\n\t\t\t\t\t<div class=\"elementor-image-box-wrapper\"><figure class=\"elementor-image-box-img\"><img fetchpriority=\"high\" decoding=\"async\" width=\"300\" height=\"300\" src=\"https:\/\/mediabound.com.uy\/wp-content\/uploads\/2024\/03\/54-300x300.png\" class=\"attachment-medium size-medium wp-image-2987\" alt=\"\" srcset=\"https:\/\/mediabound.com.uy\/wp-content\/uploads\/2024\/03\/54-300x300.png 300w, https:\/\/mediabound.com.uy\/wp-content\/uploads\/2024\/03\/54-1024x1024.png 1024w, https:\/\/mediabound.com.uy\/wp-content\/uploads\/2024\/03\/54-150x150.png 150w, https:\/\/mediabound.com.uy\/wp-content\/uploads\/2024\/03\/54-768x768.png 768w, https:\/\/mediabound.com.uy\/wp-content\/uploads\/2024\/03\/54-1536x1536.png 1536w, https:\/\/mediabound.com.uy\/wp-content\/uploads\/2024\/03\/54-2048x2048.png 2048w, https:\/\/mediabound.com.uy\/wp-content\/uploads\/2024\/03\/54-12x12.png 12w\" sizes=\"(max-width: 300px) 100vw, 300px\" \/><\/figure><div class=\"elementor-image-box-content\"><h3 class=\"elementor-image-box-title\">Marca de Belleza<\/h3><\/div><\/div>\t\t\t\t<\/div>\n\t\t\t\t<\/div>\n\t\t\t\t\t<\/div>\n\t\t<\/div>\n\t\t\t\t<div class=\"elementor-column elementor-col-33 elementor-inner-column elementor-element elementor-element-0f57a2a\" data-id=\"0f57a2a\" data-element_type=\"column\" data-e-type=\"column\">\n\t\t\t<div class=\"elementor-widget-wrap elementor-element-populated\">\n\t\t\t\t\t\t<div class=\"elementor-element elementor-element-4706ab6 elementor-position-top elementor-widget elementor-widget-image-box\" data-id=\"4706ab6\" data-element_type=\"widget\" data-e-type=\"widget\" data-widget_type=\"image-box.default\">\n\t\t\t\t<div class=\"elementor-widget-container\">\n\t\t\t\t\t<div class=\"elementor-image-box-wrapper\"><figure class=\"elementor-image-box-img\"><img decoding=\"async\" width=\"300\" height=\"300\" src=\"https:\/\/mediabound.com.uy\/wp-content\/uploads\/2024\/03\/Ad-1-4-300x300.png\" class=\"attachment-medium size-medium wp-image-2988\" alt=\"\" srcset=\"https:\/\/mediabound.com.uy\/wp-content\/uploads\/2024\/03\/Ad-1-4-300x300.png 300w, https:\/\/mediabound.com.uy\/wp-content\/uploads\/2024\/03\/Ad-1-4-1024x1024.png 1024w, https:\/\/mediabound.com.uy\/wp-content\/uploads\/2024\/03\/Ad-1-4-150x150.png 150w, https:\/\/mediabound.com.uy\/wp-content\/uploads\/2024\/03\/Ad-1-4-768x768.png 768w, https:\/\/mediabound.com.uy\/wp-content\/uploads\/2024\/03\/Ad-1-4-12x12.png 12w, https:\/\/mediabound.com.uy\/wp-content\/uploads\/2024\/03\/Ad-1-4.png 1080w\" sizes=\"(max-width: 300px) 100vw, 300px\" \/><\/figure><div class=\"elementor-image-box-content\"><h3 class=\"elementor-image-box-title\">Franquicia de Alimentos<\/h3><\/div><\/div>\t\t\t\t<\/div>\n\t\t\t\t<\/div>\n\t\t\t\t\t<\/div>\n\t\t<\/div>\n\t\t\t\t<div class=\"elementor-column elementor-col-33 elementor-inner-column elementor-element elementor-element-4d47800\" data-id=\"4d47800\" data-element_type=\"column\" data-e-type=\"column\">\n\t\t\t<div class=\"elementor-widget-wrap elementor-element-populated\">\n\t\t\t\t\t\t<div class=\"elementor-element elementor-element-689b10c elementor-position-top elementor-widget elementor-widget-image-box\" data-id=\"689b10c\" data-element_type=\"widget\" data-e-type=\"widget\" data-widget_type=\"image-box.default\">\n\t\t\t\t<div class=\"elementor-widget-container\">\n\t\t\t\t\t<div class=\"elementor-image-box-wrapper\"><figure class=\"elementor-image-box-img\"><img decoding=\"async\" width=\"300\" height=\"300\" src=\"https:\/\/mediabound.com.uy\/wp-content\/uploads\/2024\/03\/8-300x300.png\" class=\"attachment-medium size-medium wp-image-2989\" alt=\"\" srcset=\"https:\/\/mediabound.com.uy\/wp-content\/uploads\/2024\/03\/8-300x300.png 300w, https:\/\/mediabound.com.uy\/wp-content\/uploads\/2024\/03\/8-1024x1024.png 1024w, https:\/\/mediabound.com.uy\/wp-content\/uploads\/2024\/03\/8-150x150.png 150w, https:\/\/mediabound.com.uy\/wp-content\/uploads\/2024\/03\/8-768x768.png 768w, https:\/\/mediabound.com.uy\/wp-content\/uploads\/2024\/03\/8-1536x1536.png 1536w, https:\/\/mediabound.com.uy\/wp-content\/uploads\/2024\/03\/8-2048x2048.png 2048w, https:\/\/mediabound.com.uy\/wp-content\/uploads\/2024\/03\/8-12x12.png 12w\" sizes=\"(max-width: 300px) 100vw, 300px\" \/><\/figure><div class=\"elementor-image-box-content\"><h3 class=\"elementor-image-box-title\">Marca de Suplementos<\/h3><\/div><\/div>\t\t\t\t<\/div>\n\t\t\t\t<\/div>\n\t\t\t\t\t<\/div>\n\t\t<\/div>\n\t\t\t\t\t<\/div>\n\t\t<\/section>\n\t\t\t\t<section class=\"elementor-section elementor-inner-section elementor-element elementor-element-fa2e3db elementor-section-content-middle elementor-section-boxed elementor-section-height-default elementor-section-height-default\" data-id=\"fa2e3db\" data-element_type=\"section\" data-e-type=\"section\">\n\t\t\t\t\t\t<div class=\"elementor-container elementor-column-gap-no\">\n\t\t\t\t\t<div class=\"elementor-column elementor-col-33 elementor-inner-column elementor-element elementor-element-0100a52 elementor-hidden-mobile\" data-id=\"0100a52\" data-element_type=\"column\" data-e-type=\"column\">\n\t\t\t<div class=\"elementor-widget-wrap elementor-element-populated\">\n\t\t\t\t\t\t<div class=\"elementor-element elementor-element-87804cf elementor-position-top elementor-widget elementor-widget-image-box\" data-id=\"87804cf\" data-element_type=\"widget\" data-e-type=\"widget\" data-widget_type=\"image-box.default\">\n\t\t\t\t<div class=\"elementor-widget-container\">\n\t\t\t\t\t<div class=\"elementor-image-box-wrapper\"><figure class=\"elementor-image-box-img\"><img loading=\"lazy\" decoding=\"async\" width=\"300\" height=\"300\" src=\"https:\/\/mediabound.com.uy\/wp-content\/uploads\/2024\/03\/Mel-300x300.png\" class=\"attachment-medium size-medium wp-image-3005\" alt=\"\" srcset=\"https:\/\/mediabound.com.uy\/wp-content\/uploads\/2024\/03\/Mel-300x300.png 300w, https:\/\/mediabound.com.uy\/wp-content\/uploads\/2024\/03\/Mel-1024x1024.png 1024w, https:\/\/mediabound.com.uy\/wp-content\/uploads\/2024\/03\/Mel-150x150.png 150w, https:\/\/mediabound.com.uy\/wp-content\/uploads\/2024\/03\/Mel-768x768.png 768w, https:\/\/mediabound.com.uy\/wp-content\/uploads\/2024\/03\/Mel-12x12.png 12w, https:\/\/mediabound.com.uy\/wp-content\/uploads\/2024\/03\/Mel.png 1080w\" sizes=\"(max-width: 300px) 100vw, 300px\" \/><\/figure><div class=\"elementor-image-box-content\"><h3 class=\"elementor-image-box-title\">Colegio Internacional<\/h3><\/div><\/div>\t\t\t\t<\/div>\n\t\t\t\t<\/div>\n\t\t\t\t\t<\/div>\n\t\t<\/div>\n\t\t\t\t<div class=\"elementor-column elementor-col-33 elementor-inner-column elementor-element elementor-element-8156240\" data-id=\"8156240\" data-element_type=\"column\" data-e-type=\"column\">\n\t\t\t<div class=\"elementor-widget-wrap elementor-element-populated\">\n\t\t\t\t\t\t<div class=\"elementor-element elementor-element-8980671 elementor-position-top elementor-widget elementor-widget-image-box\" data-id=\"8980671\" data-element_type=\"widget\" data-e-type=\"widget\" data-widget_type=\"image-box.default\">\n\t\t\t\t<div class=\"elementor-widget-container\">\n\t\t\t\t\t<div class=\"elementor-image-box-wrapper\"><figure class=\"elementor-image-box-img\"><img loading=\"lazy\" decoding=\"async\" width=\"300\" height=\"300\" src=\"https:\/\/mediabound.com.uy\/wp-content\/uploads\/2022\/10\/Food-Services_-In-Feed-Ad-300x300.jpg\" class=\"attachment-medium size-medium wp-image-1850\" alt=\"\" srcset=\"https:\/\/mediabound.com.uy\/wp-content\/uploads\/2022\/10\/Food-Services_-In-Feed-Ad-300x300.jpg 300w, https:\/\/mediabound.com.uy\/wp-content\/uploads\/2022\/10\/Food-Services_-In-Feed-Ad-1024x1024.jpg 1024w, https:\/\/mediabound.com.uy\/wp-content\/uploads\/2022\/10\/Food-Services_-In-Feed-Ad-150x150.jpg 150w, https:\/\/mediabound.com.uy\/wp-content\/uploads\/2022\/10\/Food-Services_-In-Feed-Ad-768x768.jpg 768w, https:\/\/mediabound.com.uy\/wp-content\/uploads\/2022\/10\/Food-Services_-In-Feed-Ad.jpg 1081w\" sizes=\"(max-width: 300px) 100vw, 300px\" \/><\/figure><div class=\"elementor-image-box-content\"><h3 class=\"elementor-image-box-title\">Comida de Mar Premium<\/h3><\/div><\/div>\t\t\t\t<\/div>\n\t\t\t\t<\/div>\n\t\t\t\t\t<\/div>\n\t\t<\/div>\n\t\t\t\t<div class=\"elementor-column elementor-col-33 elementor-inner-column elementor-element elementor-element-d4c29fb elementor-hidden-mobile\" data-id=\"d4c29fb\" data-element_type=\"column\" data-e-type=\"column\">\n\t\t\t<div class=\"elementor-widget-wrap elementor-element-populated\">\n\t\t\t\t\t\t<div class=\"elementor-element elementor-element-c5c61d3 elementor-position-top elementor-widget elementor-widget-image-box\" data-id=\"c5c61d3\" data-element_type=\"widget\" data-e-type=\"widget\" data-widget_type=\"image-box.default\">\n\t\t\t\t<div class=\"elementor-widget-container\">\n\t\t\t\t\t<div class=\"elementor-image-box-wrapper\"><figure class=\"elementor-image-box-img\"><img loading=\"lazy\" decoding=\"async\" width=\"240\" height=\"300\" src=\"https:\/\/mediabound.com.uy\/wp-content\/uploads\/2024\/03\/Montecuir-AutoCare-2023-240x300.png\" class=\"attachment-medium size-medium wp-image-3002\" alt=\"\" srcset=\"https:\/\/mediabound.com.uy\/wp-content\/uploads\/2024\/03\/Montecuir-AutoCare-2023-240x300.png 240w, https:\/\/mediabound.com.uy\/wp-content\/uploads\/2024\/03\/Montecuir-AutoCare-2023-819x1024.png 819w, https:\/\/mediabound.com.uy\/wp-content\/uploads\/2024\/03\/Montecuir-AutoCare-2023-768x960.png 768w, https:\/\/mediabound.com.uy\/wp-content\/uploads\/2024\/03\/Montecuir-AutoCare-2023-10x12.png 10w, https:\/\/mediabound.com.uy\/wp-content\/uploads\/2024\/03\/Montecuir-AutoCare-2023.png 1080w\" sizes=\"(max-width: 240px) 100vw, 240px\" \/><\/figure><div class=\"elementor-image-box-content\"><h3 class=\"elementor-image-box-title\">Industria Automotriz<\/h3><\/div><\/div>\t\t\t\t<\/div>\n\t\t\t\t<\/div>\n\t\t\t\t\t<\/div>\n\t\t<\/div>\n\t\t\t\t\t<\/div>\n\t\t<\/section>\n\t\t\t\t<section class=\"elementor-section elementor-inner-section elementor-element elementor-element-6c5794f elementor-section-content-middle elementor-section-boxed elementor-section-height-default elementor-section-height-default\" data-id=\"6c5794f\" data-element_type=\"section\" data-e-type=\"section\">\n\t\t\t\t\t\t<div class=\"elementor-container elementor-column-gap-no\">\n\t\t\t\t\t<div class=\"elementor-column elementor-col-33 elementor-inner-column elementor-element elementor-element-813b3c5\" data-id=\"813b3c5\" data-element_type=\"column\" data-e-type=\"column\">\n\t\t\t<div class=\"elementor-widget-wrap elementor-element-populated\">\n\t\t\t\t\t\t<div class=\"elementor-element elementor-element-480c894 elementor-position-top elementor-widget elementor-widget-image-box\" data-id=\"480c894\" data-element_type=\"widget\" data-e-type=\"widget\" data-widget_type=\"image-box.default\">\n\t\t\t\t<div class=\"elementor-widget-container\">\n\t\t\t\t\t<div class=\"elementor-image-box-wrapper\"><figure class=\"elementor-image-box-img\"><img loading=\"lazy\" decoding=\"async\" width=\"300\" height=\"300\" src=\"https:\/\/mediabound.com.uy\/wp-content\/uploads\/2023\/10\/Find-Compatibility_20-12_01B-300x300.png\" class=\"attachment-medium size-medium wp-image-2555\" alt=\"\" srcset=\"https:\/\/mediabound.com.uy\/wp-content\/uploads\/2023\/10\/Find-Compatibility_20-12_01B-300x300.png 300w, https:\/\/mediabound.com.uy\/wp-content\/uploads\/2023\/10\/Find-Compatibility_20-12_01B-1024x1024.png 1024w, https:\/\/mediabound.com.uy\/wp-content\/uploads\/2023\/10\/Find-Compatibility_20-12_01B-150x150.png 150w, https:\/\/mediabound.com.uy\/wp-content\/uploads\/2023\/10\/Find-Compatibility_20-12_01B-768x768.png 768w, https:\/\/mediabound.com.uy\/wp-content\/uploads\/2023\/10\/Find-Compatibility_20-12_01B.png 1080w\" sizes=\"(max-width: 300px) 100vw, 300px\" \/><\/figure><div class=\"elementor-image-box-content\"><h3 class=\"elementor-image-box-title\">App de Entretenimiento<\/h3><\/div><\/div>\t\t\t\t<\/div>\n\t\t\t\t<\/div>\n\t\t\t\t\t<\/div>\n\t\t<\/div>\n\t\t\t\t<div class=\"elementor-column elementor-col-33 elementor-inner-column elementor-element elementor-element-c47d921\" data-id=\"c47d921\" data-element_type=\"column\" data-e-type=\"column\">\n\t\t\t<div class=\"elementor-widget-wrap elementor-element-populated\">\n\t\t\t\t\t\t<div class=\"elementor-element elementor-element-426aad9 elementor-position-top elementor-widget elementor-widget-image-box\" data-id=\"426aad9\" data-element_type=\"widget\" data-e-type=\"widget\" data-widget_type=\"image-box.default\">\n\t\t\t\t<div class=\"elementor-widget-container\">\n\t\t\t\t\t<div class=\"elementor-image-box-wrapper\"><figure class=\"elementor-image-box-img\"><img loading=\"lazy\" decoding=\"async\" width=\"300\" height=\"300\" src=\"https:\/\/mediabound.com.uy\/wp-content\/uploads\/2023\/10\/Travel-Memories-in-Your-Pocket-V4_1x1-300x300.png\" class=\"attachment-medium size-medium wp-image-2556\" alt=\"\" srcset=\"https:\/\/mediabound.com.uy\/wp-content\/uploads\/2023\/10\/Travel-Memories-in-Your-Pocket-V4_1x1-300x300.png 300w, https:\/\/mediabound.com.uy\/wp-content\/uploads\/2023\/10\/Travel-Memories-in-Your-Pocket-V4_1x1-1024x1024.png 1024w, https:\/\/mediabound.com.uy\/wp-content\/uploads\/2023\/10\/Travel-Memories-in-Your-Pocket-V4_1x1-150x150.png 150w, https:\/\/mediabound.com.uy\/wp-content\/uploads\/2023\/10\/Travel-Memories-in-Your-Pocket-V4_1x1-768x768.png 768w, https:\/\/mediabound.com.uy\/wp-content\/uploads\/2023\/10\/Travel-Memories-in-Your-Pocket-V4_1x1.png 1080w\" sizes=\"(max-width: 300px) 100vw, 300px\" \/><\/figure><div class=\"elementor-image-box-content\"><h3 class=\"elementor-image-box-title\">App para Viajes<\/h3><\/div><\/div>\t\t\t\t<\/div>\n\t\t\t\t<\/div>\n\t\t\t\t\t<\/div>\n\t\t<\/div>\n\t\t\t\t<div class=\"elementor-column elementor-col-33 elementor-inner-column elementor-element elementor-element-077bbd0 elementor-hidden-mobile\" data-id=\"077bbd0\" data-element_type=\"column\" data-e-type=\"column\">\n\t\t\t<div class=\"elementor-widget-wrap elementor-element-populated\">\n\t\t\t\t\t\t<div class=\"elementor-element elementor-element-c69eb10 elementor-position-top elementor-widget elementor-widget-image-box\" data-id=\"c69eb10\" data-element_type=\"widget\" data-e-type=\"widget\" data-widget_type=\"image-box.default\">\n\t\t\t\t<div class=\"elementor-widget-container\">\n\t\t\t\t\t<div class=\"elementor-image-box-wrapper\"><figure class=\"elementor-image-box-img\"><img loading=\"lazy\" decoding=\"async\" width=\"240\" height=\"300\" src=\"https:\/\/mediabound.com.uy\/wp-content\/uploads\/2024\/03\/Montecuir-CUEROS-2024-240x300.png\" class=\"attachment-medium size-medium wp-image-3004\" alt=\"\" srcset=\"https:\/\/mediabound.com.uy\/wp-content\/uploads\/2024\/03\/Montecuir-CUEROS-2024-240x300.png 240w, https:\/\/mediabound.com.uy\/wp-content\/uploads\/2024\/03\/Montecuir-CUEROS-2024-819x1024.png 819w, https:\/\/mediabound.com.uy\/wp-content\/uploads\/2024\/03\/Montecuir-CUEROS-2024-768x960.png 768w, https:\/\/mediabound.com.uy\/wp-content\/uploads\/2024\/03\/Montecuir-CUEROS-2024-10x12.png 10w, https:\/\/mediabound.com.uy\/wp-content\/uploads\/2024\/03\/Montecuir-CUEROS-2024.png 1080w\" sizes=\"(max-width: 240px) 100vw, 240px\" \/><\/figure><div class=\"elementor-image-box-content\"><h3 class=\"elementor-image-box-title\">Dise\u00f1o Textil<\/h3><\/div><\/div>\t\t\t\t<\/div>\n\t\t\t\t<\/div>\n\t\t\t\t\t<\/div>\n\t\t<\/div>\n\t\t\t\t\t<\/div>\n\t\t<\/section>\n\t\t\t\t\t<\/div>\n\t\t<\/div>\n\t\t\t\t\t<\/div>\n\t\t<\/section>\n\t\t\t\t<\/div>","protected":false},"excerpt":{"rendered":"<p>Email Marketing We create personalized email marketing strategies with eye-catching designs and valuable content, managing segmentation, automation, and results analysis for powerful and effective campaigns. Beauty Brand Food Franchise Supplement Brand Education Institute Premium Seafood Car Products Mobile App Travel App Clothes Design<\/p>","protected":false},"author":1,"featured_media":0,"parent":0,"menu_order":0,"comment_status":"closed","ping_status":"closed","template":"","meta":{"footnotes":""},"class_list":["post-3258","page","type-page","status-publish","hentry"],"_links":{"self":[{"href":"https:\/\/mediabound.com.uy\/es\/wp-json\/wp\/v2\/pages\/3258","targetHints":{"allow":["GET"]}}],"collection":[{"href":"https:\/\/mediabound.com.uy\/es\/wp-json\/wp\/v2\/pages"}],"about":[{"href":"https:\/\/mediabound.com.uy\/es\/wp-json\/wp\/v2\/types\/page"}],"author":[{"embeddable":true,"href":"https:\/\/mediabound.com.uy\/es\/wp-json\/wp\/v2\/users\/1"}],"replies":[{"embeddable":true,"href":"https:\/\/mediabound.com.uy\/es\/wp-json\/wp\/v2\/comments?post=3258"}],"version-history":[{"count":10,"href":"https:\/\/mediabound.com.uy\/es\/wp-json\/wp\/v2\/pages\/3258\/revisions"}],"predecessor-version":[{"id":3376,"href":"https:\/\/mediabound.com.uy\/es\/wp-json\/wp\/v2\/pages\/3258\/revisions\/3376"}],"wp:attachment":[{"href":"https:\/\/mediabound.com.uy\/es\/wp-json\/wp\/v2\/media?parent=3258"}],"curies":[{"name":"wp","href":"https:\/\/api.w.org\/{rel}","templated":true}]}}